{"id":535,"date":"2025-06-19T11:21:24","date_gmt":"2025-06-19T14:21:24","guid":{"rendered":"https:\/\/ghfilme.com\/bio\/"},"modified":"2025-07-20T20:12:16","modified_gmt":"2025-07-20T23:12:16","slug":"bio","status":"publish","type":"page","link":"https:\/\/ghfilme.com\/en\/bio\/","title":{"rendered":"Bio"},"content":{"rendered":"\t\t<div data-elementor-type=\"wp-page\" data-elementor-id=\"535\" class=\"elementor elementor-535 elementor-40\" data-elementor-post-type=\"page\">\n\t\t\t\t<div class=\"elementor-element elementor-element-dc3749f e-flex e-con-boxed e-con e-parent\" data-id=\"dc3749f\" data-element_type=\"container\">\n\t\t\t\t\t<div class=\"e-con-inner\">\n\t\t<div class=\"elementor-element elementor-element-707fe64 e-con-full e-flex e-con e-child\" data-id=\"707fe64\" data-element_type=\"container\" data-settings=\"{&quot;background_background&quot;:&quot;classic&quot;}\">\n\t\t\t\t<div class=\"elementor-element elementor-element-3ec1db3 elementor-widget elementor-widget-heading\" data-id=\"3ec1db3\" data-element_type=\"widget\" data-widget_type=\"heading.default\">\n\t\t\t\t<div class=\"elementor-widget-container\">\n\t\t\t\t\t<h1 class=\"elementor-heading-title elementor-size-default\">BIO<\/h1>\t\t\t\t<\/div>\n\t\t\t\t<\/div>\n\t\t\t\t<\/div>\n\t\t<div class=\"elementor-element elementor-element-fbc8f31 e-con-full e-flex e-con e-child\" data-id=\"fbc8f31\" data-element_type=\"container\">\n\t\t<div class=\"elementor-element elementor-element-0942595 e-con-full e-flex e-con e-child\" data-id=\"0942595\" data-element_type=\"container\">\n\t\t<div class=\"elementor-element elementor-element-6c69876 e-con-full e-flex e-con e-child\" data-id=\"6c69876\" data-element_type=\"container\">\n\t\t\t\t<div class=\"elementor-element elementor-element-68a9eb9 elementor-widget elementor-widget-image\" data-id=\"68a9eb9\" data-element_type=\"widget\" data-widget_type=\"image.default\">\n\t\t\t\t<div class=\"elementor-widget-container\">\n\t\t\t\t\t\t\t\t\t\t\t\t\t\t\t<img fetchpriority=\"high\" decoding=\"async\" width=\"800\" height=\"1007\" src=\"https:\/\/ghfilme.com\/wp-content\/uploads\/2025\/06\/lfc-bio-3.jpg\" class=\"attachment-large size-large wp-image-183\" alt=\"\" srcset=\"https:\/\/ghfilme.com\/wp-content\/uploads\/2025\/06\/lfc-bio-3.jpg 800w, https:\/\/ghfilme.com\/wp-content\/uploads\/2025\/06\/lfc-bio-3-238x300.jpg 238w, https:\/\/ghfilme.com\/wp-content\/uploads\/2025\/06\/lfc-bio-3-768x967.jpg 768w\" sizes=\"(max-width: 800px) 100vw, 800px\" \/>\t\t\t\t\t\t\t\t\t\t\t\t\t\t\t<\/div>\n\t\t\t\t<\/div>\n\t\t\t\t<\/div>\n\t\t<div class=\"elementor-element elementor-element-c48081c e-con-full e-flex e-con e-child\" data-id=\"c48081c\" data-element_type=\"container\">\n\t\t<div class=\"elementor-element elementor-element-6560d98 e-con-full e-flex e-con e-child\" data-id=\"6560d98\" data-element_type=\"container\">\n\t\t\t\t<div class=\"elementor-element elementor-element-da22563 elementor-widget elementor-widget-text-editor\" data-id=\"da22563\" data-element_type=\"widget\" data-widget_type=\"text-editor.default\">\n\t\t\t\t<div class=\"elementor-widget-container\">\n\t\t\t\t\t\t\t\t\t<p>\u201cThere is nothing comparable in the world of images\u201d<\/p>\t\t\t\t\t\t\t\t<\/div>\n\t\t\t\t<\/div>\n\t\t\t\t<div class=\"elementor-element elementor-element-9e6d9e9 elementor-widget elementor-widget-heading\" data-id=\"9e6d9e9\" data-element_type=\"widget\" data-widget_type=\"heading.default\">\n\t\t\t\t<div class=\"elementor-widget-container\">\n\t\t\t\t\t<p class=\"elementor-heading-title elementor-size-default\">H\u00e9l\u00e8ne Cixous, after watching the movie \"The Passion According to G.H.\" at the Cin\u00e9ma L'Arlequin in Paris<\/p>\t\t\t\t<\/div>\n\t\t\t\t<\/div>\n\t\t\t\t<\/div>\n\t\t<div class=\"elementor-element elementor-element-688b933 e-con-full e-flex e-con e-child\" data-id=\"688b933\" data-element_type=\"container\">\n\t\t\t\t<div class=\"elementor-element elementor-element-05a6f9d elementor-widget elementor-widget-text-editor\" data-id=\"05a6f9d\" data-element_type=\"widget\" data-widget_type=\"text-editor.default\">\n\t\t\t\t<div class=\"elementor-widget-container\">\n\t\t\t\t\t\t\t\t\t<p>&#8220;If the movie has such an enchanting power, it&#8217;s because Luiz Fernando Carvalho knows that it all starts there, in this first way of being born into the world, of letting yourself be swept away by it, of savoring every unexpected moment&#8221;<\/p>\t\t\t\t\t\t\t\t<\/div>\n\t\t\t\t<\/div>\n\t\t\t\t<div class=\"elementor-element elementor-element-4c5eaa4 elementor-widget elementor-widget-heading\" data-id=\"4c5eaa4\" data-element_type=\"widget\" data-widget_type=\"heading.default\">\n\t\t\t\t<div class=\"elementor-widget-container\">\n\t\t\t\t\t<p class=\"elementor-heading-title elementor-size-default\">Jean-Philippe Tess\u00e9<\/p>\t\t\t\t<\/div>\n\t\t\t\t<\/div>\n\t\t\t\t<div class=\"elementor-element elementor-element-fdfa1b6 elementor-widget elementor-widget-heading\" data-id=\"fdfa1b6\" data-element_type=\"widget\" data-widget_type=\"heading.default\">\n\t\t\t\t<div class=\"elementor-widget-container\">\n\t\t\t\t\t<p class=\"elementor-heading-title elementor-size-default\">Cahiers du Cin\u00e9ma<\/p>\t\t\t\t<\/div>\n\t\t\t\t<\/div>\n\t\t\t\t<\/div>\n\t\t<div class=\"elementor-element elementor-element-b763d7c e-con-full e-flex e-con e-child\" data-id=\"b763d7c\" data-element_type=\"container\">\n\t\t\t\t<div class=\"elementor-element elementor-element-0d77ce8 elementor-widget elementor-widget-text-editor\" data-id=\"0d77ce8\" data-element_type=\"widget\" data-widget_type=\"text-editor.default\">\n\t\t\t\t<div class=\"elementor-widget-container\">\n\t\t\t\t\t\t\t\t\t<p>&#8220;From the archaic old man to the archaic young man, hypnotic, master of himself and of us all&#8221;<\/p>\t\t\t\t\t\t\t\t<\/div>\n\t\t\t\t<\/div>\n\t\t\t\t<div class=\"elementor-element elementor-element-a6e2fe3 elementor-widget elementor-widget-heading\" data-id=\"a6e2fe3\" data-element_type=\"widget\" data-widget_type=\"heading.default\">\n\t\t\t\t<div class=\"elementor-widget-container\">\n\t\t\t\t\t<p class=\"elementor-heading-title elementor-size-default\">Bernardo Bertolucci<\/p>\t\t\t\t<\/div>\n\t\t\t\t<\/div>\n\t\t\t\t<\/div>\n\t\t<div class=\"elementor-element elementor-element-6a8ccc8 e-con-full e-flex e-con e-child\" data-id=\"6a8ccc8\" data-element_type=\"container\">\n\t\t\t\t<div class=\"elementor-element elementor-element-6c55b27 elementor-widget elementor-widget-text-editor\" data-id=\"6c55b27\" data-element_type=\"widget\" data-widget_type=\"text-editor.default\">\n\t\t\t\t<div class=\"elementor-widget-container\">\n\t\t\t\t\t\t\t\t\t<p>&#8220;It&#8217;s very difficult to see exceptional films with a commitment to creativity&#8221;<\/p>\t\t\t\t\t\t\t\t<\/div>\n\t\t\t\t<\/div>\n\t\t\t\t<div class=\"elementor-element elementor-element-2d6a185 elementor-widget elementor-widget-heading\" data-id=\"2d6a185\" data-element_type=\"widget\" data-widget_type=\"heading.default\">\n\t\t\t\t<div class=\"elementor-widget-container\">\n\t\t\t\t\t<p class=\"elementor-heading-title elementor-size-default\">Fernando Solanas<\/p>\t\t\t\t<\/div>\n\t\t\t\t<\/div>\n\t\t\t\t<\/div>\n\t\t<div class=\"elementor-element elementor-element-1e53e4d e-con-full e-flex e-con e-child\" data-id=\"1e53e4d\" data-element_type=\"container\">\n\t\t\t\t<div class=\"elementor-element elementor-element-26ff555 elementor-widget elementor-widget-text-editor\" data-id=\"26ff555\" data-element_type=\"widget\" data-widget_type=\"text-editor.default\">\n\t\t\t\t<div class=\"elementor-widget-container\">\n\t\t\t\t\t\t\t\t\t<p>&#8220;The first sequence (&#8230;) is reminiscent of Caravaggio&#8217;s paintings (&#8230;) the meal scenes seem to have been illuminated by Georges de La Tour (&#8230;) the length of the shots evokes Tarkovski. A powerful, fiery and tormented work of resistance to today&#8217;s poor cinema.&#8221;<\/p>\t\t\t\t\t\t\t\t<\/div>\n\t\t\t\t<\/div>\n\t\t\t\t<div class=\"elementor-element elementor-element-c8151c9 elementor-widget elementor-widget-heading\" data-id=\"c8151c9\" data-element_type=\"widget\" data-widget_type=\"heading.default\">\n\t\t\t\t<div class=\"elementor-widget-container\">\n\t\t\t\t\t<p class=\"elementor-heading-title elementor-size-default\">Sophie Grassin<\/p>\t\t\t\t<\/div>\n\t\t\t\t<\/div>\n\t\t\t\t<div class=\"elementor-element elementor-element-2d041aa elementor-widget elementor-widget-heading\" data-id=\"2d041aa\" data-element_type=\"widget\" data-widget_type=\"heading.default\">\n\t\t\t\t<div class=\"elementor-widget-container\">\n\t\t\t\t\t<p class=\"elementor-heading-title elementor-size-default\">Premi\u00e8re<\/p>\t\t\t\t<\/div>\n\t\t\t\t<\/div>\n\t\t\t\t<\/div>\n\t\t\t\t<\/div>\n\t\t\t\t<\/div>\n\t\t<div class=\"elementor-element elementor-element-baf5d33 e-con-full e-flex e-con e-child\" data-id=\"baf5d33\" data-element_type=\"container\">\n\t\t\t\t<div class=\"elementor-element elementor-element-8992fef elementor-drop-cap-yes elementor-drop-cap-view-default elementor-widget elementor-widget-text-editor\" data-id=\"8992fef\" data-element_type=\"widget\" data-settings=\"{&quot;drop_cap&quot;:&quot;yes&quot;}\" data-widget_type=\"text-editor.default\">\n\t\t\t\t<div class=\"elementor-widget-container\">\n\t\t\t\t\t\t\t\t\t<p><strong>Luiz Fernando Carvalho<\/strong> is a <a href=\"https:\/\/pt.wikipedia.org\/wiki\/Brasil\" target=\"_blank\" rel=\"noopener\">Brazilian<\/a> <a href=\"https:\/\/pt.wikipedia.org\/wiki\/Cineasta\" target=\"_blank\" rel=\"noopener\">filmmaker<\/a> and television director, known for works with a strong relationship with literature and which represent a renewal for the aesthetics of Brazilian audiovisuals.<a href=\"https:\/\/pt.wikipedia.org\/wiki\/Luiz_Fernando_Carvalho#cite_note-Bravo-1\" target=\"_blank\" rel=\"noopener\"><sup>[1]<\/sup><\/a><\/p><p>Some critics link Luiz Fernando Carvalho&#8217;s achievements to the Brazilian Cinema Novo movement<a href=\"https:\/\/pt.wikipedia.org\/wiki\/Luiz_Fernando_Carvalho#cite_note-Sukman-2\" target=\"_blank\" rel=\"noopener\"><sup>[2]<\/sup><\/a> and iconic directors from the history of cinema: <a href=\"https:\/\/pt.wikipedia.org\/wiki\/Luchino_Visconti\" target=\"_blank\" rel=\"noopener\">Luchino Visconti<\/a> and <a href=\"https:\/\/pt.wikipedia.org\/wiki\/Andrei_Tarkovski\" target=\"_blank\" rel=\"noopener\">Andrei Tarkovski<\/a>. <a href=\"https:\/\/pt.wikipedia.org\/wiki\/Luiz_Fernando_Carvalho#cite_note-Piza-3\" target=\"_blank\" rel=\"noopener\"><sup>[3]<\/sup><\/a> Visual and language experimentation<a href=\"https:\/\/pt.wikipedia.org\/wiki\/Luiz_Fernando_Carvalho#cite_note-Ismail-4\" target=\"_blank\" rel=\"noopener\"><sup>[4]<\/sup><\/a> is one of the characteristics of his work, as is his investigation of the multiplicity of Brazil&#8217;s cultural identity.<a href=\"https:\/\/pt.wikipedia.org\/wiki\/Luiz_Fernando_Carvalho#cite_note-MariaRita-5\" target=\"_blank\" rel=\"noopener\"><sup>[5]<\/sup><\/a> Elements of the director&#8217;s poetics are: the baroque style<a href=\"https:\/\/pt.wikipedia.org\/wiki\/Luiz_Fernando_Carvalho#cite_note-6\" target=\"_blank\" rel=\"noopener\"><sup>[6]<\/sup><\/a><a href=\"https:\/\/pt.wikipedia.org\/wiki\/Luiz_Fernando_Carvalho#cite_note-Coelho-7\" target=\"_blank\" rel=\"noopener\"><sup>[7]<\/sup><\/a><a href=\"https:\/\/pt.wikipedia.org\/wiki\/Luiz_Fernando_Carvalho#cite_note-Ilana-8\" target=\"_blank\" rel=\"noopener\"><sup>[8]<\/sup><\/a> of overlapping and intersecting narrative genres, the relationship with the instance of Time,<a href=\"https:\/\/pt.wikipedia.org\/wiki\/Luiz_Fernando_Carvalho#cite_note-Mata-9\" target=\"_blank\" rel=\"noopener\"><sup>[9]<\/sup><\/a> the archetypal symbols of the Earth and reflection on the language of social and family melodrama.<a href=\"https:\/\/pt.wikipedia.org\/wiki\/Luiz_Fernando_Carvalho#cite_note-Inacio-10\" target=\"_blank\" rel=\"noopener\"><sup>[10]<\/sup><\/a><\/p><p>The filmmaker&#8217;s signature works were a success with both critics and audiences. He directed <a href=\"https:\/\/pt.wikipedia.org\/wiki\/Lavoura_Arcaica_(filme)\" target=\"_blank\" rel=\"noopener\"><em>Lavoura Arcaica<\/em><\/a> (2001), based on the <a href=\"https:\/\/pt.wikipedia.org\/wiki\/Lavoura_Arcaica_(livro)\" target=\"_blank\" rel=\"noopener\">novel of the same name<\/a> by <a href=\"https:\/\/pt.wikipedia.org\/wiki\/Raduan_Nassar\" target=\"_blank\" rel=\"noopener\">Raduan Nassar<\/a>, described by critic <a href=\"https:\/\/fr.wikipedia.org\/wiki\/Jean-Philippe_Tess%C3%A9\" target=\"_blank\" rel=\"noopener\">Jean-Philippe Tess\u00e9<\/a>, in the French magazine <a href=\"https:\/\/pt.wikipedia.org\/wiki\/Cahiers_du_Cin%C3%A9ma\" target=\"_blank\" rel=\"noopener\">Cahiers du Cin\u00e9ma<\/a>, as &#8220;a founding promise of renewal, of a palpitation unseen in Brazilian cinema since <a href=\"https:\/\/pt.wikipedia.org\/wiki\/Glauber_Rocha\" target=\"_blank\" rel=\"noopener\">Glauber Rocha<\/a>&#8220;<a href=\"https:\/\/pt.wikipedia.org\/wiki\/Luiz_Fernando_Carvalho#cite_note-Cahiers-11\" target=\"_blank\" rel=\"noopener\"><sup>[11]<\/sup><\/a> and has won more than 50 national and international awards.<a href=\"https:\/\/pt.wikipedia.org\/wiki\/Luiz_Fernando_Carvalho#cite_note-Montreal-12\" target=\"_blank\" rel=\"noopener\"><sup>[12]<\/sup><\/a> <\/p><blockquote><p><em>&#8220;A moving and desperate work like that of a tropical Pasolini<\/em>&#8221; <em><br> LE FIGARO<\/em><\/p><\/blockquote><p>A student of Architecture and Literature at university, the filmmaker has already filmed novels by great writers such as Raduan Nassar<em>(Lavoura Arcaica<\/em>), Clarice Lispector<em>(A Paix\u00e3o segundo G.H.<\/em> and <em>Correio Feminino<\/em>), Ariano Suassuna<em>(Romance d&#8217;A Pedra do Reino)<\/em>, Milton Hatoum<em>(Dois Irm\u00e3os<\/em>), Machado de Assis<em>(Dom Casmurro<\/em>), Roland Barthes<em>(Fragmentos de um Discurso Amoroso<\/em>), E\u00e7a de Queir\u00f3s<em>(Os Maias<\/em>), Jos\u00e9 Lins do Rego<em>(Riacho Doce<\/em>) and Graciliano Ramos<em>(Alexandre e Outros Her\u00f3is<\/em>).<\/p><p>The collaborative process is one of the fundamental pillars of the director&#8217;s work. He has developed a method based on the intersection of various techniques, from theatrical procedures, through research into the languages of the body, to working with commedia dell&#8217;arte masks and the shamanic rituals of Brazil&#8217;s indigenous peoples.<\/p><p>Luiz Fernando Carvalho made his debut as a director and screenwriter at the age of 24 with the short film <em>A Espera<\/em>, which was awarded the Concha de Oro at the San Sebasti\u00e1n International Film Festival (Spain), Best Short Film at the Gramado Festival and the Special Jury Prize at the Ste Ther\u00e8se Festival (Canada).<\/p><p>In 2001, he released his first feature film, <em>Lavoura Arcaica, a<\/em> critical and public success. The film won more than 50 international and national awards: Best Artistic Contribution at the Montreal Film Festival, Special Jury Prize in Biarritz, Best Film Critics and Audience at the Buenos Aires International Independent Film Festival, Special Jury Prize at the Havana Film Festival, among others. <\/p><p>On television, the director has directed projects that have marked history with enormous critical and public acclaim, such as <em>the series Os Maias, Hoje \u00e9 dia de Maria, Capitu, Suburbia, A Pedra do Reino, Correio Feminino and Afinal, o Que Querem as Mulheres? and<\/em> the soap operas <em> O Rei do Gado, Renascer, Meu Pedacinho de Ch\u00e3o<\/em> and    <em>Velho Chico, a finalist in the International Emmy Awards. <\/em>Among the numerous series he has created and\/or directed are <em>Hoje \u00e9 Dia de Maria, Alexandre e Outros Her\u00f3is and<\/em> <em>O Auto da Nossa Senhora da Luz, <\/em>(finalists in several categories of the International Emmy Awards); <em>Os Homens Querem Paz<\/em> (finalist in The New York Festivals) and <em>Giovanna e Enrico <\/em>(selected as Hors Concours at the Banff Festival).<\/p><p>In 2023 he directed the feature film &#8220;The Passion According to GH&#8221;, based on the novel by Clarice Lispector. In 2023, he completed the feature film The Passion According to G.H., based on Clarice Lispector\u2019s novel. The film was selected for the International Film Festival Rotterdam (2023), 25th BAFICI (2024) \u2014 where it won both the Grand Prize and Best Performance Award \u2014 FILMADRID (2024), where it received two Special Jury Mentions, for both the film and the lead actress, and Terra Di Siena Film Festival where it won the Best Film Award, as well as Maria Fernanda C\u00e2ndido, as Best Actress.<\/p><p>The work was celebrated by critics after its screenings at the Rio, S\u00e3o Paulo, Rotterdam and Buenos Aires MOSTRA festivals<a href=\"https:\/\/pt.wikipedia.org\/wiki\/A_Paix%C3%A3o_Segundo_G.H._(filme)#cite_note-24\" target=\"_blank\" rel=\"noopener\"><sup>[24]<\/sup><\/a>.<\/p><p>Critic Carlos Alberto de Mattos described the film as  <em>extraordinary, courageous and refined, it doesn&#8217;t shrink from the challenges of the original. Instead, he dives into its scaly and delirious fabric to extract a cinematic pearl.<\/em><a href=\"https:\/\/pt.wikipedia.org\/wiki\/A_Paix%C3%A3o_Segundo_G.H._(filme)#cite_note-Carmattos-2\" target=\"_blank\" rel=\"noopener\"><sup>[2]<\/sup><\/a><\/p><blockquote><p>&#8220;Clarice Lispector&#8217;s highly philosophical prose finds a cinematic representation that surpasses all expectations. The film combines the confessional, the experimental and the psychological to achieve an existential horror with echoes of Ingmar Bergman&#8217;s Through a Looking Glass (1961) and Roman Polanski&#8217;s Repulsion to Sex (1965).&#8221;<br><em>-Cristina \u00c1lvarez L\u00f3pez, IFF Rotterdam<\/em><a href=\"https:\/\/pt.wikipedia.org\/wiki\/A_Paix%C3%A3o_Segundo_G.H._(filme)#cite_note-23\" target=\"_blank\" rel=\"noopener\"><em><sup>[23]<\/sup><\/em><\/a><\/p><\/blockquote><p>For critic M\u00f3nica Delgado \/ Rotterdam, the  <em>he power of monologues is explored by Carvalho through a predominance of the foreground. And so the Brazilian director dialogues with more than ninety years of Carl Theodor Dreyer&#8217;s The Passion of Joan of Arc.  <\/em><\/p><blockquote><p>&#8220;The movie &#8216;The Passion According to G.H.&#8217; is like savoring the conquest of the impossible. It&#8217;s debatable whether any artist has ever achieved this. Clarice came close. Carvalho and Candido too.&#8221;<br><em>-Walter Porto, columnist, Folha de S. Paulo<\/em><a href=\"https:\/\/pt.wikipedia.org\/wiki\/A_Paix%C3%A3o_Segundo_G.H._(filme)#cite_note-Porto-3\" target=\"_blank\" rel=\"noopener\"><em><sup>[3]<\/sup><\/em><\/a><\/p><\/blockquote>\t\t\t\t\t\t\t\t<\/div>\n\t\t\t\t<\/div>\n\t\t\t\t<\/div>\n\t\t\t\t<\/div>\n\t\t\t\t\t<\/div>\n\t\t\t\t<\/div>\n\t\t\t\t<\/div>\n\t\t","protected":false},"excerpt":{"rendered":"<p>BIO \u201cThere is nothing comparable in the world of images\u201d H\u00e9l\u00e8ne Cixous, after watching the movie &#8220;The Passion According to G.H.&#8221; at the Cin\u00e9ma L&#8217;Arlequin in Paris &#8220;If the movie has such an enchanting power, it&#8217;s because Luiz Fernando Carvalho knows that it all starts there, in this first way of being born into the [&hellip;]<\/p>\n","protected":false},"author":1,"featured_media":0,"parent":0,"menu_order":0,"comment_status":"closed","ping_status":"closed","template":"","meta":{"_acf_changed":false,"footnotes":"","_wp_rev_ctl_limit":""},"class_list":["post-535","page","type-page","status-publish","hentry"],"acf":[],"_links":{"self":[{"href":"https:\/\/ghfilme.com\/en\/wp-json\/wp\/v2\/pages\/535","targetHints":{"allow":["GET"]}}],"collection":[{"href":"https:\/\/ghfilme.com\/en\/wp-json\/wp\/v2\/pages"}],"about":[{"href":"https:\/\/ghfilme.com\/en\/wp-json\/wp\/v2\/types\/page"}],"author":[{"embeddable":true,"href":"https:\/\/ghfilme.com\/en\/wp-json\/wp\/v2\/users\/1"}],"replies":[{"embeddable":true,"href":"https:\/\/ghfilme.com\/en\/wp-json\/wp\/v2\/comments?post=535"}],"version-history":[{"count":0,"href":"https:\/\/ghfilme.com\/en\/wp-json\/wp\/v2\/pages\/535\/revisions"}],"wp:attachment":[{"href":"https:\/\/ghfilme.com\/en\/wp-json\/wp\/v2\/media?parent=535"}],"curies":[{"name":"wp","href":"https:\/\/api.w.org\/{rel}","templated":true}]}}